{"id":309,"date":"2025-05-17T21:44:21","date_gmt":"2025-05-17T21:44:21","guid":{"rendered":"https:\/\/lopezcleaninggroupinc.com\/projects\/"},"modified":"2025-05-18T22:07:10","modified_gmt":"2025-05-18T22:07:10","slug":"mission","status":"publish","type":"page","link":"https:\/\/lopezcleaninggroupinc.com\/es\/mission\/","title":{"rendered":"Mision"},"content":{"rendered":"<div data-elementor-type=\"wp-page\" data-elementor-id=\"309\" class=\"elementor elementor-309\">\n\t\t\t\t<div class=\"elementor-element elementor-element-1b6161c e-flex e-con-boxed e-con e-parent\" data-id=\"1b6161c\" data-element_type=\"container\" data-e-type=\"container\" data-settings=\"{&quot;background_background&quot;:&quot;classic&quot;}\">\n\t\t\t\t\t<div class=\"e-con-inner\">\n\t\t<div class=\"elementor-element elementor-element-a621323 e-con-full e-flex e-con e-child\" data-id=\"a621323\" data-element_type=\"container\" data-e-type=\"container\">\n\t\t\t\t<div class=\"elementor-element elementor-element-2ff45f2 elementor-widget elementor-widget-heading\" data-id=\"2ff45f2\" data-element_type=\"widget\" data-e-type=\"widget\" data-widget_type=\"heading.default\">\n\t\t\t\t<div class=\"elementor-widget-container\">\n\t\t\t\t\t<h1 class=\"elementor-heading-title elementor-size-default\">Nuestra misi\u00f3n<\/h1>\t\t\t\t<\/div>\n\t\t\t\t<\/div>\n\t\t\t\t<\/div>\n\t\t\t\t\t<\/div>\n\t\t\t\t<\/div>\n\t\t<div class=\"elementor-element elementor-element-5c8fd92 e-flex e-con-boxed e-con e-parent\" data-id=\"5c8fd92\" data-element_type=\"container\" data-e-type=\"container\">\n\t\t\t\t\t<div class=\"e-con-inner\">\n\t\t<div class=\"elementor-element elementor-element-d467f88 e-con-full e-flex e-con e-child\" data-id=\"d467f88\" data-element_type=\"container\" data-e-type=\"container\">\n\t\t\t\t<div class=\"elementor-element elementor-element-54566ba elementor-widget elementor-widget-image\" data-id=\"54566ba\" data-element_type=\"widget\" data-e-type=\"widget\" data-widget_type=\"image.default\">\n\t\t\t\t<div class=\"elementor-widget-container\">\n\t\t\t\t\t\t\t\t\t\t\t\t\t\t\t<img fetchpriority=\"high\" decoding=\"async\" width=\"768\" height=\"1152\" src=\"https:\/\/lopezcleaninggroupinc.com\/wp-content\/uploads\/2025\/05\/WhatsApp-Image-2025-05-13-at-9.51.24-AM-768x1152.jpeg\" class=\"attachment-medium_large size-medium_large wp-image-888\" alt=\"lcg worker cleaning\" srcset=\"https:\/\/lopezcleaninggroupinc.com\/wp-content\/uploads\/2025\/05\/WhatsApp-Image-2025-05-13-at-9.51.24-AM-768x1152.jpeg 768w, https:\/\/lopezcleaninggroupinc.com\/wp-content\/uploads\/2025\/05\/WhatsApp-Image-2025-05-13-at-9.51.24-AM-200x300.jpeg 200w, https:\/\/lopezcleaninggroupinc.com\/wp-content\/uploads\/2025\/05\/WhatsApp-Image-2025-05-13-at-9.51.24-AM-683x1024.jpeg 683w, https:\/\/lopezcleaninggroupinc.com\/wp-content\/uploads\/2025\/05\/WhatsApp-Image-2025-05-13-at-9.51.24-AM.jpeg 1024w\" sizes=\"(max-width: 768px) 100vw, 768px\" \/>\t\t\t\t\t\t\t\t\t\t\t\t\t\t\t<\/div>\n\t\t\t\t<\/div>\n\t\t\t\t<\/div>\n\t\t<div class=\"elementor-element elementor-element-7bf9c7e e-con-full e-flex e-con e-child\" data-id=\"7bf9c7e\" data-element_type=\"container\" data-e-type=\"container\">\n\t\t<div class=\"elementor-element elementor-element-fa8774a e-con-full e-flex e-con e-child\" data-id=\"fa8774a\" data-element_type=\"container\" data-e-type=\"container\">\n\t\t\t\t<div class=\"elementor-element elementor-element-4b68ef7 elementor-widget elementor-widget-heading\" data-id=\"4b68ef7\" data-element_type=\"widget\" data-e-type=\"widget\" data-widget_type=\"heading.default\">\n\t\t\t\t<div class=\"elementor-widget-container\">\n\t\t\t\t\t<h4 class=\"elementor-heading-title elementor-size-default\"> Brindar servicios de limpieza confiables y de alta calidad que generen confianza hoy y construyan un legado para el ma\u00f1ana.<\/h4>\t\t\t\t<\/div>\n\t\t\t\t<\/div>\n\t\t\t\t<\/div>\n\t\t<div class=\"elementor-element elementor-element-983a903 e-con-full e-flex e-con e-child\" data-id=\"983a903\" data-element_type=\"container\" data-e-type=\"container\">\n\t\t\t\t<div class=\"elementor-element elementor-element-8c9069f elementor-widget elementor-widget-text-editor\" data-id=\"8c9069f\" data-element_type=\"widget\" data-e-type=\"widget\" data-widget_type=\"text-editor.default\">\n\t\t\t\t<div class=\"elementor-widget-container\">\n\t\t\t\t\t\t\t\t\t<p><span style=\"font-weight: 400;\">Queremos destacar no por ser los m\u00e1s grandes todav\u00eda, sino por ser los m\u00e1s consistentes y profesionales. Cada casa, oficina o proyecto que limpiamos lo tratamos con el mismo cuidado y dedicaci\u00f3n que si fuera nuestro. \u00bfNuestra visi\u00f3n a largo plazo? Convertirnos en una marca nacional reconocida que eleve la industria de la limpieza y abra oportunidades para las futuras generaciones de nuestra comunidad.<\/span><\/p>\t\t\t\t\t\t\t\t<\/div>\n\t\t\t\t<\/div>\n\t\t\t\t<\/div>\n\t\t\t\t<\/div>\n\t\t\t\t\t<\/div>\n\t\t\t\t<\/div>\n\t\t\t\t<\/div>","protected":false},"excerpt":{"rendered":"<p>OUR MISSION Deliver reliable, high-quality cleaning services that earn trust today and build a legacy for tomorrow. We aim to stand out not by being the biggest just yet, but by being the most dependable and professional. Every home, office, and construction site we service is treated with the same care and dedication we\u2019d give [&hellip;]<\/p>\n","protected":false},"author":1,"featured_media":0,"parent":0,"menu_order":0,"comment_status":"closed","ping_status":"closed","template":"","meta":{"site-sidebar-layout":"no-sidebar","site-content-layout":"page-builder","ast-site-content-layout":"full-width-container","site-content-style":"unboxed","site-sidebar-style":"unboxed","ast-global-header-display":"","ast-banner-title-visibility":"","ast-main-header-display":"","ast-hfb-above-header-display":"","ast-hfb-below-header-display":"","ast-hfb-mobile-header-display":"","site-post-title":"disabled","ast-breadcrumbs-content":"disabled","ast-featured-img":"disabled","footer-sml-layout":"","ast-disable-related-posts":"","theme-transparent-header-meta":"enabled","adv-header-id-meta":"","stick-header-meta":"","header-above-stick-meta":"","header-main-stick-meta":"","header-below-stick-meta":"","astra-migrate-meta-layouts":"set","ast-page-background-enabled":"default","ast-page-background-meta":{"desktop":{"background-color":"var(--ast-global-color-4)","background-image":"","background-repeat":"repeat","background-position":"center center","background-size":"auto","background-attachment":"scroll","background-type":"","background-media":"","overlay-type":"","overlay-color":"","overlay-opacity":"","overlay-gradient":""},"tablet":{"background-color":"","background-image":"","background-repeat":"repeat","background-position":"center center","background-size":"auto","background-attachment":"scroll","background-type":"","background-media":"","overlay-type":"","overlay-color":"","overlay-opacity":"","overlay-gradient":""},"mobile":{"background-color":"","background-image":"","background-repeat":"repeat","background-position":"center center","background-size":"auto","background-attachment":"scroll","background-type":"","background-media":"","overlay-type":"","overlay-color":"","overlay-opacity":"","overlay-gradient":""}},"ast-content-background-meta":{"desktop":{"background-color":"var(--ast-global-color-5)","background-image":"","background-repeat":"repeat","background-position":"center center","background-size":"auto","background-attachment":"scroll","background-type":"","background-media":"","overlay-type":"","overlay-color":"","overlay-opacity":"","overlay-gradient":""},"tablet":{"background-color":"var(--ast-global-color-5)","background-image":"","background-repeat":"repeat","background-position":"center center","background-size":"auto","background-attachment":"scroll","background-type":"","background-media":"","overlay-type":"","overlay-color":"","overlay-opacity":"","overlay-gradient":""},"mobile":{"background-color":"var(--ast-global-color-5)","background-image":"","background-repeat":"repeat","background-position":"center center","background-size":"auto","background-attachment":"scroll","background-type":"","background-media":"","overlay-type":"","overlay-color":"","overlay-opacity":"","overlay-gradient":""}},"footnotes":""},"class_list":["post-309","page","type-page","status-publish","hentry"],"_links":{"self":[{"href":"https:\/\/lopezcleaninggroupinc.com\/es\/wp-json\/wp\/v2\/pages\/309","targetHints":{"allow":["GET"]}}],"collection":[{"href":"https:\/\/lopezcleaninggroupinc.com\/es\/wp-json\/wp\/v2\/pages"}],"about":[{"href":"https:\/\/lopezcleaninggroupinc.com\/es\/wp-json\/wp\/v2\/types\/page"}],"author":[{"embeddable":true,"href":"https:\/\/lopezcleaninggroupinc.com\/es\/wp-json\/wp\/v2\/users\/1"}],"replies":[{"embeddable":true,"href":"https:\/\/lopezcleaninggroupinc.com\/es\/wp-json\/wp\/v2\/comments?post=309"}],"version-history":[{"count":11,"href":"https:\/\/lopezcleaninggroupinc.com\/es\/wp-json\/wp\/v2\/pages\/309\/revisions"}],"predecessor-version":[{"id":983,"href":"https:\/\/lopezcleaninggroupinc.com\/es\/wp-json\/wp\/v2\/pages\/309\/revisions\/983"}],"wp:attachment":[{"href":"https:\/\/lopezcleaninggroupinc.com\/es\/wp-json\/wp\/v2\/media?parent=309"}],"curies":[{"name":"wp","href":"https:\/\/api.w.org\/{rel}","templated":true}]}}